{"id":25,"date":"2020-02-19T20:36:35","date_gmt":"2020-02-19T19:36:35","guid":{"rendered":"http:\/\/allison-haugmard.fr\/?page_id=25"},"modified":"2023-04-14T21:05:32","modified_gmt":"2023-04-14T19:05:32","slug":"a-propos","status":"publish","type":"page","link":"https:\/\/allison-haugmard.fr\/index.php\/a-propos\/","title":{"rendered":"Pr\u00e9sentation"},"content":{"rendered":"\n<p><\/p>\n\n\n\n<p class=\"has-text-align-center has-normal-font-size\">            Allison Haugmard est une jeune photographe fran\u00e7aise,  originaire de Paris.  <\/p>\n\n\n\n<p class=\"has-text-align-center has-normal-font-size\">C&rsquo;est apr\u00e8s ses \u00e9tudes en photographie et en cin\u00e9ma-audiovisuel \u00e0 Paris qu&rsquo;elle part en voyages photographiques. <\/p>\n\n\n\n<p class=\"has-text-align-center has-normal-font-size\">Passionn\u00e9e d&rsquo;argentique comme de num\u00e9rique ses paysages recherchent avant tout la lumi\u00e8re.<\/p>\n\n\n<div class=\"wp-block-image\">\n<figure class=\"aligncenter size-full\"><img decoding=\"async\" loading=\"lazy\" width=\"1024\" height=\"683\" src=\"https:\/\/allison-haugmard.fr\/wp-content\/uploads\/2023\/04\/202209-10_Quebec_AllisonHaugmard.jpg\" alt=\"\" class=\"wp-image-535\" srcset=\"https:\/\/allison-haugmard.fr\/wp-content\/uploads\/2023\/04\/202209-10_Quebec_AllisonHaugmard.jpg 1024w, https:\/\/allison-haugmard.fr\/wp-content\/uploads\/2023\/04\/202209-10_Quebec_AllisonHaugmard-300x200.jpg 300w, https:\/\/allison-haugmard.fr\/wp-content\/uploads\/2023\/04\/202209-10_Quebec_AllisonHaugmard-768x512.jpg 768w, https:\/\/allison-haugmard.fr\/wp-content\/uploads\/2023\/04\/202209-10_Quebec_AllisonHaugmard-450x300.jpg 450w, https:\/\/allison-haugmard.fr\/wp-content\/uploads\/2023\/04\/202209-10_Quebec_AllisonHaugmard-90x60.jpg 90w\" sizes=\"(max-width: 1024px) 100vw, 1024px\" \/><\/figure><\/div>\n\n\n<p class=\"has-text-align-center has-normal-font-size\">Allison Haugmard is a French photographer, from Paris.<br><br>After her photography and film studies in Paris she went on photographic trips.<br><br> Allison is a film photographer at heart. Her landscapes play with light and nuances.<\/p>\n","protected":false},"excerpt":{"rendered":"<p>Allison Haugmard est une jeune photographe fran\u00e7aise, originaire de Paris. C&rsquo;est apr\u00e8s ses \u00e9tudes en photographie et en cin\u00e9ma-audiovisuel \u00e0 Paris qu&rsquo;elle part en voyages photographiques. Passionn\u00e9e d&rsquo;argentique comme de num\u00e9rique ses paysages recherchent avant tout la lumi\u00e8re. Allison Haugmard is a French photographer, from Paris. After her photography and film studies in Paris she &hellip; <\/p>\n","protected":false},"author":1,"featured_media":0,"parent":0,"menu_order":0,"comment_status":"closed","ping_status":"closed","template":"","meta":[],"_links":{"self":[{"href":"https:\/\/allison-haugmard.fr\/index.php\/wp-json\/wp\/v2\/pages\/25"}],"collection":[{"href":"https:\/\/allison-haugmard.fr\/index.php\/wp-json\/wp\/v2\/pages"}],"about":[{"href":"https:\/\/allison-haugmard.fr\/index.php\/wp-json\/wp\/v2\/types\/page"}],"author":[{"embeddable":true,"href":"https:\/\/allison-haugmard.fr\/index.php\/wp-json\/wp\/v2\/users\/1"}],"replies":[{"embeddable":true,"href":"https:\/\/allison-haugmard.fr\/index.php\/wp-json\/wp\/v2\/comments?post=25"}],"version-history":[{"count":26,"href":"https:\/\/allison-haugmard.fr\/index.php\/wp-json\/wp\/v2\/pages\/25\/revisions"}],"predecessor-version":[{"id":536,"href":"https:\/\/allison-haugmard.fr\/index.php\/wp-json\/wp\/v2\/pages\/25\/revisions\/536"}],"wp:attachment":[{"href":"https:\/\/allison-haugmard.fr\/index.php\/wp-json\/wp\/v2\/media?parent=25"}],"curies":[{"name":"wp","href":"https:\/\/api.w.org\/{rel}","templated":true}]}}